{"id":166,"date":"2021-06-10T13:41:46","date_gmt":"2021-06-10T11:41:46","guid":{"rendered":"https:\/\/seitz-speicher.de\/?page_id=166"},"modified":"2024-11-20T08:30:03","modified_gmt":"2024-11-20T07:30:03","slug":"ausbildung-schuelerpraktikum","status":"publish","type":"page","link":"https:\/\/seitz-speicher.de\/fr\/ausbildung-schuelerpraktikum\/","title":{"rendered":"Ausbildung \/ Sch\u00fclerpraktikum"},"content":{"rendered":"","protected":false},"excerpt":{"rendered":"","protected":false},"author":2,"featured_media":1024,"parent":0,"menu_order":0,"comment_status":"closed","ping_status":"closed","template":"","meta":{"_acf_changed":false,"footnotes":""},"class_list":["post-166","page","type-page","status-publish","has-post-thumbnail","hentry"],"acf":[],"yoast_head":"<!-- This site is optimized with the Yoast SEO plugin v25.3 - https:\/\/yoast.com\/wordpress\/plugins\/seo\/ -->\n<title>Ausbildung Metallbauer*in \/ B\u00fcrokaufmann*frau | Seitz Industriebau<\/title>\n<meta name=\"description\" content=\"Deine Ausbildung als Metallbauer*in oder Kaufmann*frau f\u00fcr B\u00fcromanagement bei Seitz Industriebau f\u00fcr Hallenbau und Stahlbau.\" \/>\n<meta name=\"robots\" content=\"index, follow, max-snippet:-1, max-image-preview:large, max-video-preview:-1\" \/>\n<link rel=\"canonical\" href=\"https:\/\/seitz-speicher.de\/fr\/ausbildung-schuelerpraktikum\/\" \/>\n<meta property=\"og:locale\" content=\"fr_FR\" \/>\n<meta property=\"og:type\" content=\"article\" \/>\n<meta property=\"og:title\" content=\"Ausbildung Metallbauer*in \/ B\u00fcrokaufmann*frau | Seitz Industriebau\" \/>\n<meta property=\"og:description\" content=\"Deine Ausbildung als Metallbauer*in oder Kaufmann*frau f\u00fcr B\u00fcromanagement bei Seitz Industriebau f\u00fcr Hallenbau und Stahlbau.\" \/>\n<meta property=\"og:url\" content=\"https:\/\/seitz-speicher.de\/fr\/ausbildung-schuelerpraktikum\/\" \/>\n<meta property=\"og:site_name\" content=\"Seitz Speicher\" \/>\n<meta property=\"article:modified_time\" content=\"2024-11-20T07:30:03+00:00\" \/>\n<meta property=\"og:image\" content=\"https:\/\/seitz-speicher.de\/app\/uploads\/2024\/03\/Metallbauer_Schweisser_Stockfoto-scaled.jpeg\" \/>\n\t<meta property=\"og:image:width\" content=\"1620\" \/>\n\t<meta property=\"og:image:height\" content=\"1080\" \/>\n\t<meta property=\"og:image:type\" content=\"image\/jpeg\" \/>\n<meta name=\"twitter:card\" content=\"summary_large_image\" \/>\n<meta name=\"twitter:label1\" content=\"Dur\u00e9e de lecture estim\u00e9e\" \/>\n\t<meta name=\"twitter:data1\" content=\"8 minutes\" \/>\n<script type=\"application\/ld+json\" class=\"yoast-schema-graph\">{\"@context\":\"https:\/\/schema.org\",\"@graph\":[{\"@type\":\"WebPage\",\"@id\":\"https:\/\/seitz-speicher.de\/ausbildung-schuelerpraktikum\/\",\"url\":\"https:\/\/seitz-speicher.de\/ausbildung-schuelerpraktikum\/\",\"name\":\"Ausbildung Metallbauer*in \/ B\u00fcrokaufmann*frau | Seitz Industriebau\",\"isPartOf\":{\"@id\":\"https:\/\/seitz-speicher.de\/#website\"},\"primaryImageOfPage\":{\"@id\":\"https:\/\/seitz-speicher.de\/ausbildung-schuelerpraktikum\/#primaryimage\"},\"image\":{\"@id\":\"https:\/\/seitz-speicher.de\/ausbildung-schuelerpraktikum\/#primaryimage\"},\"thumbnailUrl\":\"https:\/\/seitz-speicher.de\/app\/uploads\/2024\/03\/Metallbauer_Schweisser_Stockfoto-scaled.jpeg\",\"datePublished\":\"2021-06-10T11:41:46+00:00\",\"dateModified\":\"2024-11-20T07:30:03+00:00\",\"description\":\"Deine Ausbildung als Metallbauer*in oder Kaufmann*frau f\u00fcr B\u00fcromanagement bei Seitz Industriebau f\u00fcr Hallenbau und Stahlbau.\",\"breadcrumb\":{\"@id\":\"https:\/\/seitz-speicher.de\/ausbildung-schuelerpraktikum\/#breadcrumb\"},\"inLanguage\":\"fr-FR\",\"potentialAction\":[{\"@type\":\"ReadAction\",\"target\":[\"https:\/\/seitz-speicher.de\/ausbildung-schuelerpraktikum\/\"]}]},{\"@type\":\"ImageObject\",\"inLanguage\":\"fr-FR\",\"@id\":\"https:\/\/seitz-speicher.de\/ausbildung-schuelerpraktikum\/#primaryimage\",\"url\":\"https:\/\/seitz-speicher.de\/app\/uploads\/2024\/03\/Metallbauer_Schweisser_Stockfoto-scaled.jpeg\",\"contentUrl\":\"https:\/\/seitz-speicher.de\/app\/uploads\/2024\/03\/Metallbauer_Schweisser_Stockfoto-scaled.jpeg\",\"width\":1620,\"height\":1080,\"caption\":\"Metallbauer in der Ausbildung schwei\u00dft Stahlteile zusammen.\"},{\"@type\":\"BreadcrumbList\",\"@id\":\"https:\/\/seitz-speicher.de\/ausbildung-schuelerpraktikum\/#breadcrumb\",\"itemListElement\":[{\"@type\":\"ListItem\",\"position\":1,\"name\":\"Home\",\"item\":\"https:\/\/seitz-speicher.de\/\"},{\"@type\":\"ListItem\",\"position\":2,\"name\":\"Ausbildung \/ Sch\u00fclerpraktikum\"}]},{\"@type\":\"WebSite\",\"@id\":\"https:\/\/seitz-speicher.de\/#website\",\"url\":\"https:\/\/seitz-speicher.de\/\",\"name\":\"Seitz Speicher\",\"description\":\"| Stahl- und Industriebau\",\"potentialAction\":[{\"@type\":\"SearchAction\",\"target\":{\"@type\":\"EntryPoint\",\"urlTemplate\":\"https:\/\/seitz-speicher.de\/?s={search_term_string}\"},\"query-input\":{\"@type\":\"PropertyValueSpecification\",\"valueRequired\":true,\"valueName\":\"search_term_string\"}}],\"inLanguage\":\"fr-FR\"}]}<\/script>\n<!-- \/ Yoast SEO plugin. -->","yoast_head_json":{"title":"Ausbildung Metallbauer*in \/ B\u00fcrokaufmann*frau | Seitz Industriebau","description":"Deine Ausbildung als Metallbauer*in oder Kaufmann*frau f\u00fcr B\u00fcromanagement bei Seitz Industriebau f\u00fcr Hallenbau und Stahlbau.","robots":{"index":"index","follow":"follow","max-snippet":"max-snippet:-1","max-image-preview":"max-image-preview:large","max-video-preview":"max-video-preview:-1"},"canonical":"https:\/\/seitz-speicher.de\/fr\/ausbildung-schuelerpraktikum\/","og_locale":"fr_FR","og_type":"article","og_title":"Ausbildung Metallbauer*in \/ B\u00fcrokaufmann*frau | Seitz Industriebau","og_description":"Deine Ausbildung als Metallbauer*in oder Kaufmann*frau f\u00fcr B\u00fcromanagement bei Seitz Industriebau f\u00fcr Hallenbau und Stahlbau.","og_url":"https:\/\/seitz-speicher.de\/fr\/ausbildung-schuelerpraktikum\/","og_site_name":"Seitz Speicher","article_modified_time":"2024-11-20T07:30:03+00:00","og_image":[{"width":1620,"height":1080,"url":"https:\/\/seitz-speicher.de\/app\/uploads\/2024\/03\/Metallbauer_Schweisser_Stockfoto-scaled.jpeg","type":"image\/jpeg"}],"twitter_card":"summary_large_image","twitter_misc":{"Dur\u00e9e de lecture estim\u00e9e":"8 minutes"},"schema":{"@context":"https:\/\/schema.org","@graph":[{"@type":"WebPage","@id":"https:\/\/seitz-speicher.de\/ausbildung-schuelerpraktikum\/","url":"https:\/\/seitz-speicher.de\/ausbildung-schuelerpraktikum\/","name":"Ausbildung Metallbauer*in \/ B\u00fcrokaufmann*frau | Seitz Industriebau","isPartOf":{"@id":"https:\/\/seitz-speicher.de\/#website"},"primaryImageOfPage":{"@id":"https:\/\/seitz-speicher.de\/ausbildung-schuelerpraktikum\/#primaryimage"},"image":{"@id":"https:\/\/seitz-speicher.de\/ausbildung-schuelerpraktikum\/#primaryimage"},"thumbnailUrl":"https:\/\/seitz-speicher.de\/app\/uploads\/2024\/03\/Metallbauer_Schweisser_Stockfoto-scaled.jpeg","datePublished":"2021-06-10T11:41:46+00:00","dateModified":"2024-11-20T07:30:03+00:00","description":"Deine Ausbildung als Metallbauer*in oder Kaufmann*frau f\u00fcr B\u00fcromanagement bei Seitz Industriebau f\u00fcr Hallenbau und Stahlbau.","breadcrumb":{"@id":"https:\/\/seitz-speicher.de\/ausbildung-schuelerpraktikum\/#breadcrumb"},"inLanguage":"fr-FR","potentialAction":[{"@type":"ReadAction","target":["https:\/\/seitz-speicher.de\/ausbildung-schuelerpraktikum\/"]}]},{"@type":"ImageObject","inLanguage":"fr-FR","@id":"https:\/\/seitz-speicher.de\/ausbildung-schuelerpraktikum\/#primaryimage","url":"https:\/\/seitz-speicher.de\/app\/uploads\/2024\/03\/Metallbauer_Schweisser_Stockfoto-scaled.jpeg","contentUrl":"https:\/\/seitz-speicher.de\/app\/uploads\/2024\/03\/Metallbauer_Schweisser_Stockfoto-scaled.jpeg","width":1620,"height":1080,"caption":"Metallbauer in der Ausbildung schwei\u00dft Stahlteile zusammen."},{"@type":"BreadcrumbList","@id":"https:\/\/seitz-speicher.de\/ausbildung-schuelerpraktikum\/#breadcrumb","itemListElement":[{"@type":"ListItem","position":1,"name":"Home","item":"https:\/\/seitz-speicher.de\/"},{"@type":"ListItem","position":2,"name":"Ausbildung \/ Sch\u00fclerpraktikum"}]},{"@type":"WebSite","@id":"https:\/\/seitz-speicher.de\/#website","url":"https:\/\/seitz-speicher.de\/","name":"Seitz Speicher","description":"| Stahl- und Industriebau","potentialAction":[{"@type":"SearchAction","target":{"@type":"EntryPoint","urlTemplate":"https:\/\/seitz-speicher.de\/?s={search_term_string}"},"query-input":{"@type":"PropertyValueSpecification","valueRequired":true,"valueName":"search_term_string"}}],"inLanguage":"fr-FR"}]}},"_links":{"self":[{"href":"https:\/\/seitz-speicher.de\/fr\/wp-json\/wp\/v2\/pages\/166","targetHints":{"allow":["GET"]}}],"collection":[{"href":"https:\/\/seitz-speicher.de\/fr\/wp-json\/wp\/v2\/pages"}],"about":[{"href":"https:\/\/seitz-speicher.de\/fr\/wp-json\/wp\/v2\/types\/page"}],"author":[{"embeddable":true,"href":"https:\/\/seitz-speicher.de\/fr\/wp-json\/wp\/v2\/users\/2"}],"replies":[{"embeddable":true,"href":"https:\/\/seitz-speicher.de\/fr\/wp-json\/wp\/v2\/comments?post=166"}],"version-history":[{"count":3,"href":"https:\/\/seitz-speicher.de\/fr\/wp-json\/wp\/v2\/pages\/166\/revisions"}],"predecessor-version":[{"id":1027,"href":"https:\/\/seitz-speicher.de\/fr\/wp-json\/wp\/v2\/pages\/166\/revisions\/1027"}],"wp:featuredmedia":[{"embeddable":true,"href":"https:\/\/seitz-speicher.de\/fr\/wp-json\/wp\/v2\/media\/1024"}],"wp:attachment":[{"href":"https:\/\/seitz-speicher.de\/fr\/wp-json\/wp\/v2\/media?parent=166"}],"curies":[{"name":"wp","href":"https:\/\/api.w.org\/{rel}","templated":true}]}}