{"id":40,"date":"2021-06-01T13:53:24","date_gmt":"2021-06-01T11:53:24","guid":{"rendered":"https:\/\/seitz-speicher.de\/?page_id=40"},"modified":"2024-11-19T16:48:14","modified_gmt":"2024-11-19T15:48:14","slug":"schluesselfertiges-bauen","status":"publish","type":"page","link":"https:\/\/seitz-speicher.de\/fr\/leistungen\/schluesselfertiges-bauen\/","title":{"rendered":"Construction cl\u00e9 en main"},"content":{"rendered":"","protected":false},"excerpt":{"rendered":"","protected":false},"author":2,"featured_media":467,"parent":26,"menu_order":0,"comment_status":"closed","ping_status":"closed","template":"","meta":{"_acf_changed":false,"footnotes":""},"class_list":["post-40","page","type-page","status-publish","has-post-thumbnail","hentry"],"acf":[],"yoast_head":"<!-- This site is optimized with the Yoast SEO plugin v25.3 - https:\/\/yoast.com\/wordpress\/plugins\/seo\/ -->\n<title>Generalunternehmer f\u00fcr den Hallenbau | Seitz Industriebau<\/title>\n<meta name=\"description\" content=\"Ob Produktionshalle oder Lagerhalle mit B\u00fcror\u00e4umen \u2013 Seitz Industriebau ist Ihr Generalunternehmer f\u00fcr den schl\u00fcsselfertigen Hallenbau.\" \/>\n<meta name=\"robots\" content=\"index, follow, max-snippet:-1, max-image-preview:large, max-video-preview:-1\" \/>\n<link rel=\"canonical\" href=\"https:\/\/seitz-speicher.de\/fr\/leistungen\/schluesselfertiges-bauen\/\" \/>\n<meta property=\"og:locale\" content=\"fr_FR\" \/>\n<meta property=\"og:type\" content=\"article\" \/>\n<meta property=\"og:title\" content=\"Generalunternehmer f\u00fcr den Hallenbau | Seitz Industriebau\" \/>\n<meta property=\"og:description\" content=\"Ob Produktionshalle oder Lagerhalle mit B\u00fcror\u00e4umen \u2013 Seitz Industriebau ist Ihr Generalunternehmer f\u00fcr den schl\u00fcsselfertigen Hallenbau.\" \/>\n<meta property=\"og:url\" content=\"https:\/\/seitz-speicher.de\/fr\/leistungen\/schluesselfertiges-bauen\/\" \/>\n<meta property=\"og:site_name\" content=\"Seitz Speicher\" \/>\n<meta property=\"article:modified_time\" content=\"2024-11-19T15:48:14+00:00\" \/>\n<meta property=\"og:image\" content=\"https:\/\/seitz-speicher.de\/app\/uploads\/2022\/02\/projekte-start-header.jpg\" \/>\n\t<meta property=\"og:image:width\" content=\"2410\" \/>\n\t<meta property=\"og:image:height\" content=\"1057\" \/>\n\t<meta property=\"og:image:type\" content=\"image\/jpeg\" \/>\n<meta name=\"twitter:card\" content=\"summary_large_image\" \/>\n<meta name=\"twitter:label1\" content=\"Dur\u00e9e de lecture estim\u00e9e\" \/>\n\t<meta name=\"twitter:data1\" content=\"8 minutes\" \/>\n<script type=\"application\/ld+json\" class=\"yoast-schema-graph\">{\"@context\":\"https:\/\/schema.org\",\"@graph\":[{\"@type\":\"WebPage\",\"@id\":\"https:\/\/seitz-speicher.de\/leistungen\/schluesselfertiges-bauen\/\",\"url\":\"https:\/\/seitz-speicher.de\/leistungen\/schluesselfertiges-bauen\/\",\"name\":\"Generalunternehmer f\u00fcr den Hallenbau | Seitz Industriebau\",\"isPartOf\":{\"@id\":\"https:\/\/seitz-speicher.de\/#website\"},\"primaryImageOfPage\":{\"@id\":\"https:\/\/seitz-speicher.de\/leistungen\/schluesselfertiges-bauen\/#primaryimage\"},\"image\":{\"@id\":\"https:\/\/seitz-speicher.de\/leistungen\/schluesselfertiges-bauen\/#primaryimage\"},\"thumbnailUrl\":\"https:\/\/seitz-speicher.de\/app\/uploads\/2022\/02\/projekte-start-header.jpg\",\"datePublished\":\"2021-06-01T11:53:24+00:00\",\"dateModified\":\"2024-11-19T15:48:14+00:00\",\"description\":\"Ob Produktionshalle oder Lagerhalle mit B\u00fcror\u00e4umen \u2013 Seitz Industriebau ist Ihr Generalunternehmer f\u00fcr den schl\u00fcsselfertigen Hallenbau.\",\"breadcrumb\":{\"@id\":\"https:\/\/seitz-speicher.de\/leistungen\/schluesselfertiges-bauen\/#breadcrumb\"},\"inLanguage\":\"fr-FR\",\"potentialAction\":[{\"@type\":\"ReadAction\",\"target\":[\"https:\/\/seitz-speicher.de\/leistungen\/schluesselfertiges-bauen\/\"]}]},{\"@type\":\"ImageObject\",\"inLanguage\":\"fr-FR\",\"@id\":\"https:\/\/seitz-speicher.de\/leistungen\/schluesselfertiges-bauen\/#primaryimage\",\"url\":\"https:\/\/seitz-speicher.de\/app\/uploads\/2022\/02\/projekte-start-header.jpg\",\"contentUrl\":\"https:\/\/seitz-speicher.de\/app\/uploads\/2022\/02\/projekte-start-header.jpg\",\"width\":2410,\"height\":1057},{\"@type\":\"BreadcrumbList\",\"@id\":\"https:\/\/seitz-speicher.de\/leistungen\/schluesselfertiges-bauen\/#breadcrumb\",\"itemListElement\":[{\"@type\":\"ListItem\",\"position\":1,\"name\":\"Home\",\"item\":\"https:\/\/seitz-speicher.de\/\"},{\"@type\":\"ListItem\",\"position\":2,\"name\":\"Leistungen\",\"item\":\"https:\/\/seitz-speicher.de\/leistungen\/\"},{\"@type\":\"ListItem\",\"position\":3,\"name\":\"Schl\u00fcsselfertiges Bauen\"}]},{\"@type\":\"WebSite\",\"@id\":\"https:\/\/seitz-speicher.de\/#website\",\"url\":\"https:\/\/seitz-speicher.de\/\",\"name\":\"Seitz Speicher\",\"description\":\"| Stahl- und Industriebau\",\"potentialAction\":[{\"@type\":\"SearchAction\",\"target\":{\"@type\":\"EntryPoint\",\"urlTemplate\":\"https:\/\/seitz-speicher.de\/?s={search_term_string}\"},\"query-input\":{\"@type\":\"PropertyValueSpecification\",\"valueRequired\":true,\"valueName\":\"search_term_string\"}}],\"inLanguage\":\"fr-FR\"}]}<\/script>\n<!-- \/ Yoast SEO plugin. -->","yoast_head_json":{"title":"Generalunternehmer f\u00fcr den Hallenbau | Seitz Industriebau","description":"Ob Produktionshalle oder Lagerhalle mit B\u00fcror\u00e4umen \u2013 Seitz Industriebau ist Ihr Generalunternehmer f\u00fcr den schl\u00fcsselfertigen Hallenbau.","robots":{"index":"index","follow":"follow","max-snippet":"max-snippet:-1","max-image-preview":"max-image-preview:large","max-video-preview":"max-video-preview:-1"},"canonical":"https:\/\/seitz-speicher.de\/fr\/leistungen\/schluesselfertiges-bauen\/","og_locale":"fr_FR","og_type":"article","og_title":"Generalunternehmer f\u00fcr den Hallenbau | Seitz Industriebau","og_description":"Ob Produktionshalle oder Lagerhalle mit B\u00fcror\u00e4umen \u2013 Seitz Industriebau ist Ihr Generalunternehmer f\u00fcr den schl\u00fcsselfertigen Hallenbau.","og_url":"https:\/\/seitz-speicher.de\/fr\/leistungen\/schluesselfertiges-bauen\/","og_site_name":"Seitz Speicher","article_modified_time":"2024-11-19T15:48:14+00:00","og_image":[{"width":2410,"height":1057,"url":"https:\/\/seitz-speicher.de\/app\/uploads\/2022\/02\/projekte-start-header.jpg","type":"image\/jpeg"}],"twitter_card":"summary_large_image","twitter_misc":{"Dur\u00e9e de lecture estim\u00e9e":"8 minutes"},"schema":{"@context":"https:\/\/schema.org","@graph":[{"@type":"WebPage","@id":"https:\/\/seitz-speicher.de\/leistungen\/schluesselfertiges-bauen\/","url":"https:\/\/seitz-speicher.de\/leistungen\/schluesselfertiges-bauen\/","name":"Generalunternehmer f\u00fcr den Hallenbau | Seitz Industriebau","isPartOf":{"@id":"https:\/\/seitz-speicher.de\/#website"},"primaryImageOfPage":{"@id":"https:\/\/seitz-speicher.de\/leistungen\/schluesselfertiges-bauen\/#primaryimage"},"image":{"@id":"https:\/\/seitz-speicher.de\/leistungen\/schluesselfertiges-bauen\/#primaryimage"},"thumbnailUrl":"https:\/\/seitz-speicher.de\/app\/uploads\/2022\/02\/projekte-start-header.jpg","datePublished":"2021-06-01T11:53:24+00:00","dateModified":"2024-11-19T15:48:14+00:00","description":"Ob Produktionshalle oder Lagerhalle mit B\u00fcror\u00e4umen \u2013 Seitz Industriebau ist Ihr Generalunternehmer f\u00fcr den schl\u00fcsselfertigen Hallenbau.","breadcrumb":{"@id":"https:\/\/seitz-speicher.de\/leistungen\/schluesselfertiges-bauen\/#breadcrumb"},"inLanguage":"fr-FR","potentialAction":[{"@type":"ReadAction","target":["https:\/\/seitz-speicher.de\/leistungen\/schluesselfertiges-bauen\/"]}]},{"@type":"ImageObject","inLanguage":"fr-FR","@id":"https:\/\/seitz-speicher.de\/leistungen\/schluesselfertiges-bauen\/#primaryimage","url":"https:\/\/seitz-speicher.de\/app\/uploads\/2022\/02\/projekte-start-header.jpg","contentUrl":"https:\/\/seitz-speicher.de\/app\/uploads\/2022\/02\/projekte-start-header.jpg","width":2410,"height":1057},{"@type":"BreadcrumbList","@id":"https:\/\/seitz-speicher.de\/leistungen\/schluesselfertiges-bauen\/#breadcrumb","itemListElement":[{"@type":"ListItem","position":1,"name":"Home","item":"https:\/\/seitz-speicher.de\/"},{"@type":"ListItem","position":2,"name":"Leistungen","item":"https:\/\/seitz-speicher.de\/leistungen\/"},{"@type":"ListItem","position":3,"name":"Schl\u00fcsselfertiges Bauen"}]},{"@type":"WebSite","@id":"https:\/\/seitz-speicher.de\/#website","url":"https:\/\/seitz-speicher.de\/","name":"Seitz Speicher","description":"| Stahl- und Industriebau","potentialAction":[{"@type":"SearchAction","target":{"@type":"EntryPoint","urlTemplate":"https:\/\/seitz-speicher.de\/?s={search_term_string}"},"query-input":{"@type":"PropertyValueSpecification","valueRequired":true,"valueName":"search_term_string"}}],"inLanguage":"fr-FR"}]}},"_links":{"self":[{"href":"https:\/\/seitz-speicher.de\/fr\/wp-json\/wp\/v2\/pages\/40","targetHints":{"allow":["GET"]}}],"collection":[{"href":"https:\/\/seitz-speicher.de\/fr\/wp-json\/wp\/v2\/pages"}],"about":[{"href":"https:\/\/seitz-speicher.de\/fr\/wp-json\/wp\/v2\/types\/page"}],"author":[{"embeddable":true,"href":"https:\/\/seitz-speicher.de\/fr\/wp-json\/wp\/v2\/users\/2"}],"replies":[{"embeddable":true,"href":"https:\/\/seitz-speicher.de\/fr\/wp-json\/wp\/v2\/comments?post=40"}],"version-history":[{"count":1,"href":"https:\/\/seitz-speicher.de\/fr\/wp-json\/wp\/v2\/pages\/40\/revisions"}],"predecessor-version":[{"id":41,"href":"https:\/\/seitz-speicher.de\/fr\/wp-json\/wp\/v2\/pages\/40\/revisions\/41"}],"up":[{"embeddable":true,"href":"https:\/\/seitz-speicher.de\/fr\/wp-json\/wp\/v2\/pages\/26"}],"wp:featuredmedia":[{"embeddable":true,"href":"https:\/\/seitz-speicher.de\/fr\/wp-json\/wp\/v2\/media\/467"}],"wp:attachment":[{"href":"https:\/\/seitz-speicher.de\/fr\/wp-json\/wp\/v2\/media?parent=40"}],"curies":[{"name":"wp","href":"https:\/\/api.w.org\/{rel}","templated":true}]}}