{"id":51,"date":"2021-06-01T13:56:53","date_gmt":"2021-06-01T11:56:53","guid":{"rendered":"https:\/\/seitz-speicher.de\/?page_id=51"},"modified":"2024-11-19T14:06:03","modified_gmt":"2024-11-19T13:06:03","slug":"startseite","status":"publish","type":"page","link":"https:\/\/seitz-speicher.de\/fr\/","title":{"rendered":"Startseite"},"content":{"rendered":"","protected":false},"excerpt":{"rendered":"","protected":false},"author":2,"featured_media":0,"parent":0,"menu_order":0,"comment_status":"closed","ping_status":"closed","template":"","meta":{"_acf_changed":false,"footnotes":""},"class_list":["post-51","page","type-page","status-publish","hentry"],"acf":[],"yoast_head":"<!-- This site is optimized with the Yoast SEO plugin v25.3 - https:\/\/yoast.com\/wordpress\/plugins\/seo\/ -->\n<title>Seitz Industriebau GmbH &amp; Co. KG | Stahl- &amp; Hallenbau<\/title>\n<meta name=\"description\" content=\"Stahlbau, Hallenbau, Generalunternehmer, Hallensanierung \u2013 Seitz Industriebau ist Ihr verl\u00e4sslicher Partner f\u00fcr Stahl- &amp; Hallenbau nach Ma\u00df.\" \/>\n<meta name=\"robots\" content=\"index, follow, max-snippet:-1, max-image-preview:large, max-video-preview:-1\" \/>\n<link rel=\"canonical\" href=\"https:\/\/seitz-speicher.de\/fr\/\" \/>\n<meta property=\"og:locale\" content=\"fr_FR\" \/>\n<meta property=\"og:type\" content=\"article\" \/>\n<meta property=\"og:title\" content=\"Seitz Industriebau GmbH &amp; Co. KG | Stahl- &amp; Hallenbau\" \/>\n<meta property=\"og:description\" content=\"Stahlbau, Hallenbau, Generalunternehmer, Hallensanierung \u2013 Seitz Industriebau ist Ihr verl\u00e4sslicher Partner f\u00fcr Stahl- &amp; Hallenbau nach Ma\u00df.\" \/>\n<meta property=\"og:url\" content=\"https:\/\/seitz-speicher.de\/fr\/\" \/>\n<meta property=\"og:site_name\" content=\"Seitz Speicher\" \/>\n<meta property=\"article:modified_time\" content=\"2024-11-19T13:06:03+00:00\" \/>\n<meta name=\"twitter:card\" content=\"summary_large_image\" \/>\n<meta name=\"twitter:label1\" content=\"Dur\u00e9e de lecture estim\u00e9e\" \/>\n\t<meta name=\"twitter:data1\" content=\"13 minutes\" \/>\n<script type=\"application\/ld+json\" class=\"yoast-schema-graph\">{\"@context\":\"https:\/\/schema.org\",\"@graph\":[{\"@type\":\"WebPage\",\"@id\":\"https:\/\/seitz-speicher.de\/\",\"url\":\"https:\/\/seitz-speicher.de\/\",\"name\":\"Seitz Industriebau GmbH & Co. KG | Stahl- & Hallenbau\",\"isPartOf\":{\"@id\":\"https:\/\/seitz-speicher.de\/#website\"},\"datePublished\":\"2021-06-01T11:56:53+00:00\",\"dateModified\":\"2024-11-19T13:06:03+00:00\",\"description\":\"Stahlbau, Hallenbau, Generalunternehmer, Hallensanierung \u2013 Seitz Industriebau ist Ihr verl\u00e4sslicher Partner f\u00fcr Stahl- & Hallenbau nach Ma\u00df.\",\"breadcrumb\":{\"@id\":\"https:\/\/seitz-speicher.de\/#breadcrumb\"},\"inLanguage\":\"fr-FR\",\"potentialAction\":[{\"@type\":\"ReadAction\",\"target\":[\"https:\/\/seitz-speicher.de\/\"]}]},{\"@type\":\"BreadcrumbList\",\"@id\":\"https:\/\/seitz-speicher.de\/#breadcrumb\",\"itemListElement\":[{\"@type\":\"ListItem\",\"position\":1,\"name\":\"Home\",\"item\":\"https:\/\/seitz-speicher.de\/\"},{\"@type\":\"ListItem\",\"position\":2,\"name\":\"Startseite\"}]},{\"@type\":\"WebSite\",\"@id\":\"https:\/\/seitz-speicher.de\/#website\",\"url\":\"https:\/\/seitz-speicher.de\/\",\"name\":\"Seitz Speicher\",\"description\":\"| Stahl- und Industriebau\",\"potentialAction\":[{\"@type\":\"SearchAction\",\"target\":{\"@type\":\"EntryPoint\",\"urlTemplate\":\"https:\/\/seitz-speicher.de\/?s={search_term_string}\"},\"query-input\":{\"@type\":\"PropertyValueSpecification\",\"valueRequired\":true,\"valueName\":\"search_term_string\"}}],\"inLanguage\":\"fr-FR\"}]}<\/script>\n<!-- \/ Yoast SEO plugin. -->","yoast_head_json":{"title":"Seitz Industriebau GmbH & Co. KG | Stahl- & Hallenbau","description":"Stahlbau, Hallenbau, Generalunternehmer, Hallensanierung \u2013 Seitz Industriebau ist Ihr verl\u00e4sslicher Partner f\u00fcr Stahl- & Hallenbau nach Ma\u00df.","robots":{"index":"index","follow":"follow","max-snippet":"max-snippet:-1","max-image-preview":"max-image-preview:large","max-video-preview":"max-video-preview:-1"},"canonical":"https:\/\/seitz-speicher.de\/fr\/","og_locale":"fr_FR","og_type":"article","og_title":"Seitz Industriebau GmbH & Co. KG | Stahl- & Hallenbau","og_description":"Stahlbau, Hallenbau, Generalunternehmer, Hallensanierung \u2013 Seitz Industriebau ist Ihr verl\u00e4sslicher Partner f\u00fcr Stahl- & Hallenbau nach Ma\u00df.","og_url":"https:\/\/seitz-speicher.de\/fr\/","og_site_name":"Seitz Speicher","article_modified_time":"2024-11-19T13:06:03+00:00","twitter_card":"summary_large_image","twitter_misc":{"Dur\u00e9e de lecture estim\u00e9e":"13 minutes"},"schema":{"@context":"https:\/\/schema.org","@graph":[{"@type":"WebPage","@id":"https:\/\/seitz-speicher.de\/","url":"https:\/\/seitz-speicher.de\/","name":"Seitz Industriebau GmbH & Co. KG | Stahl- & Hallenbau","isPartOf":{"@id":"https:\/\/seitz-speicher.de\/#website"},"datePublished":"2021-06-01T11:56:53+00:00","dateModified":"2024-11-19T13:06:03+00:00","description":"Stahlbau, Hallenbau, Generalunternehmer, Hallensanierung \u2013 Seitz Industriebau ist Ihr verl\u00e4sslicher Partner f\u00fcr Stahl- & Hallenbau nach Ma\u00df.","breadcrumb":{"@id":"https:\/\/seitz-speicher.de\/#breadcrumb"},"inLanguage":"fr-FR","potentialAction":[{"@type":"ReadAction","target":["https:\/\/seitz-speicher.de\/"]}]},{"@type":"BreadcrumbList","@id":"https:\/\/seitz-speicher.de\/#breadcrumb","itemListElement":[{"@type":"ListItem","position":1,"name":"Home","item":"https:\/\/seitz-speicher.de\/"},{"@type":"ListItem","position":2,"name":"Startseite"}]},{"@type":"WebSite","@id":"https:\/\/seitz-speicher.de\/#website","url":"https:\/\/seitz-speicher.de\/","name":"Seitz Speicher","description":"| Stahl- und Industriebau","potentialAction":[{"@type":"SearchAction","target":{"@type":"EntryPoint","urlTemplate":"https:\/\/seitz-speicher.de\/?s={search_term_string}"},"query-input":{"@type":"PropertyValueSpecification","valueRequired":true,"valueName":"search_term_string"}}],"inLanguage":"fr-FR"}]}},"_links":{"self":[{"href":"https:\/\/seitz-speicher.de\/fr\/wp-json\/wp\/v2\/pages\/51","targetHints":{"allow":["GET"]}}],"collection":[{"href":"https:\/\/seitz-speicher.de\/fr\/wp-json\/wp\/v2\/pages"}],"about":[{"href":"https:\/\/seitz-speicher.de\/fr\/wp-json\/wp\/v2\/types\/page"}],"author":[{"embeddable":true,"href":"https:\/\/seitz-speicher.de\/fr\/wp-json\/wp\/v2\/users\/2"}],"replies":[{"embeddable":true,"href":"https:\/\/seitz-speicher.de\/fr\/wp-json\/wp\/v2\/comments?post=51"}],"version-history":[{"count":1,"href":"https:\/\/seitz-speicher.de\/fr\/wp-json\/wp\/v2\/pages\/51\/revisions"}],"predecessor-version":[{"id":52,"href":"https:\/\/seitz-speicher.de\/fr\/wp-json\/wp\/v2\/pages\/51\/revisions\/52"}],"wp:attachment":[{"href":"https:\/\/seitz-speicher.de\/fr\/wp-json\/wp\/v2\/media?parent=51"}],"curies":[{"name":"wp","href":"https:\/\/api.w.org\/{rel}","templated":true}]}}